{"id":1057,"date":"2021-05-05T08:45:57","date_gmt":"2021-05-05T08:45:57","guid":{"rendered":"https:\/\/learngen.eu\/?page_id=1057"},"modified":"2021-05-10T05:59:30","modified_gmt":"2021-05-10T05:59:30","slug":"inicio","status":"publish","type":"page","link":"https:\/\/learngen.eu\/pt-pt\/","title":{"rendered":"In\u00edcio"},"content":{"rendered":"<p><img decoding=\"async\" src=\"\/wp-content\/uploads\/2021\/02\/Header-comp.png\" alt=\"\"><\/p>\n<h1>Intergenerational Mentoring and Learning in the Workplace<\/h1>\n<p><img decoding=\"async\" src=\"\/wp-content\/uploads\/2021\/02\/Overview.png\" alt=\"\"><\/p>\n<h1>Vis\u00e3o geral<\/h1>\n<div>A Comiss\u00e3o Europeia divulgou, em 2017, uma estrat\u00e9gia de inclus\u00e3o e diversidade para a igualdade de oportunidades entre trabalhadores de diferentes idades. Na sequ\u00eancia desta estrat\u00e9gia, o projeto LearnGen tem como foco promover pr\u00e1ticas inclusivas de combate \u00e0 discrimina\u00e7\u00e3o et\u00e1ria e a exclus\u00e3o social nos locais de trabalho.<\/div>\n<p>\n    <a href=\"\/pt-pt\/about\">Saiba mais<\/a>\n<\/p>\n<div>\n<div class=\"uk-margin-top-small\"><\/div>\n<\/div>\n<p><img decoding=\"async\" src=\"\/wp-content\/uploads\/2021\/02\/elearning-home.png\" alt=\"\"><\/p>\n<h1>E-learning<\/h1>\n<div>A plataforma permite o acesso ao conjunto de recursos educativos abertos digitais do projeto LearnGen, tais como m\u00f3dulos de forma\u00e7\u00e3o, manuais, artigos e podcasts, entre outros recursos.<\/div>\n<p>\n    <a href=\"\/pt-pt\/e-learning\">Saiba mais<\/a>\n<\/p>\n<div>\n<div class=\"uk-margin-top-small\"><\/div>\n<\/div>\n<p><img decoding=\"async\" src=\"\/wp-content\/uploads\/2021\/02\/resources-home.png\" alt=\"\"><\/p>\n<h1>Recursos<\/h1>\n<div>O curr\u00edculo de forma\u00e7\u00e3o LearnGen tem a dura\u00e7\u00e3o de 18 horas, em formato b-learning. Esta forma\u00e7\u00e3o, destinada a gestores de equipas, formadores e profissionais de recursos humanos, tem como objetivo a conce\u00e7\u00e3o de um documento estrat\u00e9gico para a elabora\u00e7\u00e3o de um programa de mentoring intergeracional.<\/div>\n<p>\n    <a href=\"\/pt-pt\/resources\">Saiba mais<\/a>\n<\/p>\n<div>\n<div class=\"uk-margin-top-small\"><\/div>\n<\/div>\n<h1>Not\u00edcias<\/h1>\n<div>\n\n    <div id=\"wk-grid89c\" class=\"uk-child-width-1-1 uk-child-width-1-3@l uk-child-width-1-3@xl uk-grid-match uk-text-left widget-news\" uk-height-match=\"target: &gt; div &gt; .uk-panel, &gt; div &gt; .uk-card; row: true\" uk-grid >\n\n    \n        <div >\n            <div class=\"uk-panel uk-transition-toggle\">\n\n                                <a class=\"uk-position-cover uk-position-z-index\" href=\"https:\/\/learngen.eu\/pt-pt\/2022\/10\/13\/mentoring-e-reverse-mentoring-num-bom-rumo\/\" title=\"Mentoring e reverse mentoring num bom RUMO\"><\/a>\n                \n                \n                                <div class=\"uk-text-center uk-margin uk-margin-remove-top\"><div class=\"uk-inline-clip \"><img decoding=\"async\" src=\"https:\/\/learngen.eu\/wp-content\/uploads\/2022\/10\/unnamed.png\" class=\" uk-transition-scale-up uk-transition-opaque\" alt=\"Mentoring e reverse mentoring num bom RUMO\"><\/div><\/div>\n                \n                \n                    \n                        \n                                                <h2 class=\"uk-h2 uk-margin-remove-top\">\n\n                                                            <a class=\"uk-link-reset\" href=\"https:\/\/learngen.eu\/pt-pt\/2022\/10\/13\/mentoring-e-reverse-mentoring-num-bom-rumo\/\">Mentoring e reverse mentoring num bom RUMO<\/a>\n                            \n                            \n                        <\/h2>\n                        \n                        \n                        \n                        \n                        \n                        \n                    \n                \n            <\/div>\n        <\/div>\n\n    \n        <div >\n            <div class=\"uk-panel uk-transition-toggle\">\n\n                                <a class=\"uk-position-cover uk-position-z-index\" href=\"https:\/\/learngen.eu\/pt-pt\/2022\/09\/05\/2073\/\" title=\"Existe cada vez mais uma proximidade entre as Institui\u00e7\u00f5es de Ensino Superior e as organiza\u00e7\u00f5es, no sentido de colmatar os gaps laborais atuais.\"><\/a>\n                \n                \n                                <div class=\"uk-text-center uk-margin uk-margin-remove-top\"><div class=\"uk-inline-clip \"><img decoding=\"async\" src=\"https:\/\/learngen.eu\/wp-content\/uploads\/2022\/09\/unnamed-3.jpg\" class=\" uk-transition-scale-up uk-transition-opaque\" alt=\"Existe cada vez mais uma proximidade entre as Institui\u00e7\u00f5es de Ensino Superior e as organiza\u00e7\u00f5es, no sentido de colmatar os gaps laborais atuais.\"><\/div><\/div>\n                \n                \n                    \n                        \n                                                <h2 class=\"uk-h2 uk-margin-remove-top\">\n\n                                                            <a class=\"uk-link-reset\" href=\"https:\/\/learngen.eu\/pt-pt\/2022\/09\/05\/2073\/\">Existe cada vez mais uma proximidade entre as Institui\u00e7\u00f5es de Ensino Superior e as organiza\u00e7\u00f5es, no sentido de colmatar os gaps laborais atuais.<\/a>\n                            \n                            \n                        <\/h2>\n                        \n                        \n                        \n                        \n                        \n                        \n                    \n                \n            <\/div>\n        <\/div>\n\n    \n        <div >\n            <div class=\"uk-panel uk-transition-toggle\">\n\n                                <a class=\"uk-position-cover uk-position-z-index\" href=\"https:\/\/learngen.eu\/pt-pt\/2022\/09\/05\/mentoring-para-promover-relacionamentos-intergeracionais-no-local-de-trabalho\/\" title=\"Mentoring para promover relacionamentos intergeracionais no local de trabalho\"><\/a>\n                \n                \n                                <div class=\"uk-text-center uk-margin uk-margin-remove-top\"><div class=\"uk-inline-clip \"><img decoding=\"async\" src=\"https:\/\/learngen.eu\/wp-content\/uploads\/2022\/09\/unnamed-2.jpg\" class=\" uk-transition-scale-up uk-transition-opaque\" alt=\"Mentoring para promover relacionamentos intergeracionais no local de trabalho\"><\/div><\/div>\n                \n                \n                    \n                        \n                                                <h2 class=\"uk-h2 uk-margin-remove-top\">\n\n                                                            <a class=\"uk-link-reset\" href=\"https:\/\/learngen.eu\/pt-pt\/2022\/09\/05\/mentoring-para-promover-relacionamentos-intergeracionais-no-local-de-trabalho\/\">Mentoring para promover relacionamentos intergeracionais no local de trabalho<\/a>\n                            \n                            \n                        <\/h2>\n                        \n                        \n                        \n                        \n                        \n                        \n                    \n                \n            <\/div>\n        <\/div>\n\n    \n    <\/div>\n\n<\/div>\n<p>\n    <a href=\"\/pt-pt\/news\">View all<\/a>\n<\/p>\n<div>\n<div class=\"uk-margin-top-small\"><\/div>\n<\/div>\n<h1>Contactos<\/h1>\n<p><img decoding=\"async\" src=\"\/wp-content\/uploads\/2021\/02\/Contact-Page.png\" alt=\"\"><\/p>\n<div>\n<div class=\"wpcf7 no-js\" id=\"wpcf7-f1104-o1\" lang=\"en-US\" dir=\"ltr\" data-wpcf7-id=\"1104\">\n<div class=\"screen-reader-response\"><p role=\"status\" aria-live=\"polite\" aria-atomic=\"true\"><\/p> <ul><\/ul><\/div>\n<form action=\"\/pt-pt\/wp-json\/wp\/v2\/pages\/1057#wpcf7-f1104-o1\" method=\"post\" class=\"wpcf7-form init\" aria-label=\"Contact form\" novalidate=\"novalidate\" data-status=\"init\">\n<fieldset class=\"hidden-fields-container\"><input type=\"hidden\" name=\"_wpcf7\" value=\"1104\" \/><input type=\"hidden\" name=\"_wpcf7_version\" value=\"6.1.5\" \/><input type=\"hidden\" name=\"_wpcf7_locale\" value=\"en_US\" \/><input type=\"hidden\" name=\"_wpcf7_unit_tag\" value=\"wpcf7-f1104-o1\" \/><input type=\"hidden\" name=\"_wpcf7_container_post\" value=\"0\" \/><input type=\"hidden\" name=\"_wpcf7_posted_data_hash\" value=\"\" \/><input type=\"hidden\" name=\"_wpcf7_recaptcha_response\" value=\"\" \/>\n<\/fieldset>\n<div class=\"uk-margin\">\n\t<div class=\"uk-width-1-2\">\n\t\t<div class=\"cf7-label\">\n\t\t\t<p>Nome\n\t\t\t<\/p>\n\t\t<\/div>\n\t\t<p><span class=\"wpcf7-form-control-wrap\" data-name=\"your-name\"><input size=\"40\" maxlength=\"400\" class=\"wpcf7-form-control wpcf7-text wpcf7-validates-as-required uk-input uk-margin-small-bottom\" aria-required=\"true\" aria-invalid=\"false\" placeholder=\"Insira o seu nome\" value=\"\" type=\"text\" name=\"your-name\" \/><\/span>\n\t\t<\/p>\n\t<\/div>\n\t<div class=\"uk-width-1-2\">\n\t\t<div class=\"cf7-label\">\n\t\t\t<p>Email\n\t\t\t<\/p>\n\t\t<\/div>\n\t\t<p><span class=\"wpcf7-form-control-wrap\" data-name=\"your-email\"><input size=\"40\" maxlength=\"400\" class=\"wpcf7-form-control wpcf7-email wpcf7-validates-as-required wpcf7-text wpcf7-validates-as-email uk-input uk-margin-small-bottom\" aria-required=\"true\" aria-invalid=\"false\" placeholder=\"Insira o seu email\" value=\"\" type=\"email\" name=\"your-email\" \/><\/span>\n\t\t<\/p>\n\t<\/div>\n<\/div>\n<div class=\"uk-margin\">\n\t<div class=\"cf7-label\">\n\t\t<p>Assunto\n\t\t<\/p>\n\t<\/div>\n\t<p><span class=\"wpcf7-form-control-wrap\" data-name=\"your-subject\"><input size=\"40\" maxlength=\"400\" class=\"wpcf7-form-control wpcf7-text wpcf7-validates-as-required uk-input uk-margin-small-bottom\" aria-required=\"true\" aria-invalid=\"false\" placeholder=\"Insira o assunto\" value=\"\" type=\"text\" name=\"your-subject\" \/><\/span>\n\t<\/p>\n<\/div>\n<div class=\"uk-margin\">\n\t<div class=\"cf7-label\">\n\t\t<p>Mensagem\n\t\t<\/p>\n\t<\/div>\n<\/div>\n<div class=\"uk-margin\">\n\t<p><span class=\"wpcf7-form-control-wrap\" data-name=\"your-message\"><textarea cols=\"40\" rows=\"10\" maxlength=\"2000\" class=\"wpcf7-form-control wpcf7-textarea uk-textarea uk-margin-small-bottom\" aria-invalid=\"false\" placeholder=\"Insira a sua mensagem\" name=\"your-message\"><\/textarea><\/span>\n\t<\/p>\n<\/div>\n<div class=\"uk-margin uk-text-center\"\n<input class=\"wpcf7-form-control wpcf7-submit has-spinner uk-button uk-button-primary\" type=\"submit\" value=\"Enviar email\" \/>\n<\/div><div class=\"wpcf7-response-output\" aria-hidden=\"true\"><\/div>\n<\/form>\n<\/div>\n<\/div>\n<p><!--more--><br \/>\n<!-- {\"name\":\"HOME Final\",\"type\":\"layout\",\"children\":[{\"type\":\"section\",\"props\":{\"style\":\"default\",\"width\":\"default\",\"vertical_align\":\"middle\",\"title_position\":\"top-left\",\"title_rotation\":\"left\",\"title_breakpoint\":\"xl\",\"image_position\":\"top-center\",\"height\":\"full\",\"image\":\"\",\"css\":\"@media only screen and (max-width:768px){.el-section{padding-bottom:0;}}\"},\"children\":[{\"type\":\"row\",\"children\":[{\"type\":\"column\",\"props\":{\"image_position\":\"center-center\",\"media_overlay_gradient\":\"\",\"vertical_align\":\"bottom\"},\"children\":[{\"type\":\"image\",\"props\":{\"margin\":\"default\",\"image_svg_color\":\"emphasis\",\"image\":\"wp-content\\\/uploads\\\/2021\\\/02\\\/Header-comp.png\"}},{\"type\":\"headline\",\"props\":{\"title_element\":\"h1\",\"content\":\"Intergenerational Mentoring and Learning in the Workplace\",\"title_style\":\"h3\",\"text_align\":\"center\"}}]}]}]},{\"type\":\"section\",\"props\":{\"style\":\"default\",\"width\":\"default\",\"vertical_align\":\"middle\",\"title_position\":\"top-left\",\"title_rotation\":\"left\",\"title_breakpoint\":\"xl\",\"image_position\":\"center-center\",\"class\":\"border-full-bottom width-60\",\"animation\":\"fade\",\"animation_delay\":true},\"children\":[{\"type\":\"row\",\"props\":{\"layout\":\"1-4,3-4\",\"width\":\"default\",\"padding_remove_horizontal\":false},\"children\":[{\"type\":\"column\",\"props\":{\"image_position\":\"center-center\",\"media_overlay_gradient\":\"\",\"width_medium\":\"1-4\",\"vertical_align\":\"middle\"},\"children\":[{\"type\":\"image\",\"props\":{\"margin\":\"default\",\"image_svg_color\":\"emphasis\",\"image\":\"wp-content\\\/uploads\\\/2021\\\/02\\\/Overview.png\",\"animation\":\"slide-left-medium\",\"parallax_x_start\":\"-50\",\"parallax_viewport\":\"0.3\",\"class\":\"el-image-mobile\"}}]},{\"type\":\"column\",\"props\":{\"image_position\":\"center-center\",\"media_overlay_gradient\":\"\",\"width_medium\":\"3-4\",\"vertical_align\":\"middle\"},\"children\":[{\"type\":\"headline\",\"props\":{\"title_element\":\"h1\",\"content\":\"Vis\\u00e3o geral\",\"title_style\":\"h2\"}},{\"type\":\"text\",\"props\":{\"margin\":\"default\",\"column_breakpoint\":\"m\",\"class\":\"uk-text-primary\",\"content\":\"A Comiss\\u00e3o Europeia divulgou, em 2017, uma estrat\\u00e9gia de inclus\\u00e3o e diversidade para a igualdade de oportunidades entre trabalhadores de diferentes idades. Na sequ\\u00eancia desta estrat\\u00e9gia, o projeto LearnGen tem como foco promover pr\\u00e1ticas inclusivas de combate \\u00e0 discrimina\\u00e7\\u00e3o et\\u00e1ria e a exclus\\u00e3o social nos locais de trabalho.\"}},{\"type\":\"button\",\"props\":{\"grid_column_gap\":\"small\",\"grid_row_gap\":\"small\",\"margin\":\"default\",\"parallax_opacity_start\":\"0\",\"parallax_viewport\":\"0.3\"},\"children\":[{\"type\":\"button_item\",\"props\":{\"button_style\":\"primary\",\"icon_align\":\"left\",\"link\":\"\\\/pt-pt\\\/about\",\"content\":\"Saiba mais\"}}]}]}]},{\"type\":\"row\",\"children\":[{\"type\":\"column\",\"props\":{\"image_position\":\"center-center\",\"media_overlay_gradient\":\"\"},\"children\":[{\"type\":\"text\",\"props\":{\"margin\":\"default\",\"column_breakpoint\":\"m\",\"content\":\"\n\n<div class=\\\"uk-margin-top-small\\\"><\\\/div>\",\"class\":\"border-bottom\"}}]}]}]},{\"type\":\"section\",\"props\":{\"style\":\"default\",\"width\":\"default\",\"vertical_align\":\"middle\",\"title_position\":\"top-left\",\"title_rotation\":\"left\",\"title_breakpoint\":\"xl\",\"image_position\":\"center-center\",\"class\":\"border-full-bottom width-60\",\"animation\":\"fade\",\"animation_delay\":true},\"children\":[{\"type\":\"row\",\"props\":{\"layout\":\"1-4,3-4\",\"width\":\"default\",\"padding_remove_horizontal\":false},\"children\":[{\"type\":\"column\",\"props\":{\"image_position\":\"center-center\",\"media_overlay_gradient\":\"\",\"width_medium\":\"1-4\",\"vertical_align\":\"middle\",\"order_first\":\"\"},\"children\":[{\"type\":\"image\",\"props\":{\"margin\":\"default\",\"image_svg_color\":\"emphasis\",\"image\":\"wp-content\\\/uploads\\\/2021\\\/02\\\/elearning-home.png\",\"animation\":\"slide-right-medium\",\"parallax_viewport\":\"0.3\",\"parallax_x_start\":\"50\",\"class\":\"el-image-mobile\"}}]},{\"type\":\"column\",\"props\":{\"image_position\":\"center-center\",\"media_overlay_gradient\":\"\",\"width_medium\":\"3-4\",\"vertical_align\":\"middle\",\"order_first\":\"l\"},\"children\":[{\"type\":\"headline\",\"props\":{\"title_element\":\"h1\",\"content\":\"E-learning\",\"title_style\":\"h2\"}},{\"type\":\"text\",\"props\":{\"margin\":\"default\",\"column_breakpoint\":\"m\",\"class\":\"uk-text-primary\",\"content\":\"A plataforma permite o acesso ao conjunto de recursos educativos abertos digitais do projeto LearnGen, tais como m\\u00f3dulos de forma\\u00e7\\u00e3o, manuais, artigos e podcasts, entre outros recursos.\"}},{\"type\":\"button\",\"props\":{\"grid_column_gap\":\"small\",\"grid_row_gap\":\"small\",\"margin\":\"default\"},\"children\":[{\"type\":\"button_item\",\"props\":{\"button_style\":\"primary\",\"icon_align\":\"left\",\"link\":\"\\\/pt-pt\\\/e-learning\",\"content\":\"Saiba mais\"}}]}]}]},{\"type\":\"row\",\"children\":[{\"type\":\"column\",\"props\":{\"image_position\":\"center-center\",\"media_overlay_gradient\":\"\"},\"children\":[{\"type\":\"text\",\"props\":{\"margin\":\"default\",\"column_breakpoint\":\"m\",\"content\":\"\n\n<div class=\\\"uk-margin-top-small\\\"><\\\/div>\",\"class\":\"border-bottom\"}}]}]}]},{\"type\":\"section\",\"props\":{\"style\":\"default\",\"width\":\"default\",\"vertical_align\":\"middle\",\"title_position\":\"top-left\",\"title_rotation\":\"left\",\"title_breakpoint\":\"xl\",\"image_position\":\"center-center\",\"class\":\"border-full-bottom width-60\",\"animation\":\"fade\",\"animation_delay\":true},\"children\":[{\"type\":\"row\",\"props\":{\"layout\":\"1-4,3-4\",\"width\":\"default\",\"padding_remove_horizontal\":false},\"children\":[{\"type\":\"column\",\"props\":{\"image_position\":\"center-center\",\"media_overlay_gradient\":\"\",\"width_medium\":\"1-4\",\"vertical_align\":\"middle\"},\"children\":[{\"type\":\"image\",\"props\":{\"margin\":\"default\",\"image_svg_color\":\"emphasis\",\"image\":\"wp-content\\\/uploads\\\/2021\\\/02\\\/resources-home.png\",\"animation\":\"slide-left-medium\",\"parallax_x_start\":\"-50\",\"parallax_viewport\":\"0.3\",\"class\":\"el-image-mobile\"}}]},{\"type\":\"column\",\"props\":{\"image_position\":\"center-center\",\"media_overlay_gradient\":\"\",\"width_medium\":\"3-4\",\"vertical_align\":\"middle\"},\"children\":[{\"type\":\"headline\",\"props\":{\"title_element\":\"h1\",\"content\":\"Recursos\",\"title_style\":\"h2\"}},{\"type\":\"text\",\"props\":{\"margin\":\"default\",\"column_breakpoint\":\"m\",\"class\":\"uk-text-primary\",\"content\":\"O curr\\u00edculo de forma\\u00e7\\u00e3o LearnGen tem a dura\\u00e7\\u00e3o de 18 horas, em formato b-learning. Esta forma\\u00e7\\u00e3o, destinada a gestores de equipas, formadores e profissionais de recursos humanos, tem como objetivo a conce\\u00e7\\u00e3o de um documento estrat\\u00e9gico para a elabora\\u00e7\\u00e3o de um programa de mentoring intergeracional.\"}},{\"type\":\"button\",\"props\":{\"grid_column_gap\":\"small\",\"grid_row_gap\":\"small\",\"margin\":\"default\"},\"children\":[{\"type\":\"button_item\",\"props\":{\"button_style\":\"primary\",\"icon_align\":\"left\",\"link\":\"\\\/pt-pt\\\/resources\",\"content\":\"Saiba mais\"}}]}]}]},{\"type\":\"row\",\"children\":[{\"type\":\"column\",\"props\":{\"image_position\":\"center-center\",\"media_overlay_gradient\":\"\"},\"children\":[{\"type\":\"text\",\"props\":{\"margin\":\"default\",\"column_breakpoint\":\"m\",\"content\":\"\n\n<div class=\\\"uk-margin-top-small\\\"><\\\/div>\",\"class\":\"border-bottom\"}}]}]}]},{\"type\":\"section\",\"props\":{\"style\":\"default\",\"width\":\"default\",\"vertical_align\":\"middle\",\"title_position\":\"top-left\",\"title_rotation\":\"left\",\"title_breakpoint\":\"xl\",\"image_position\":\"center-center\",\"class\":\"width-60\",\"animation\":\"fade\"},\"children\":[{\"type\":\"row\",\"children\":[{\"type\":\"column\",\"props\":{\"image_position\":\"center-center\",\"media_overlay_gradient\":\"\"},\"children\":[{\"type\":\"headline\",\"props\":{\"title_element\":\"h1\",\"content\":\"Not\\u00edcias\",\"title_style\":\"h2\",\"margin_remove_top\":true,\"text_align\":\"center\"}},{\"type\":\"text\",\"props\":{\"margin\":\"default\",\"column_breakpoint\":\"m\",\"content\":\"[widgetkit id=\\\"14\\\"]\",\"css\":\"@media only screen and (min-width:769px) {\\n.el-element{\\nwidth:65vw;\\n    padding-left:5vw;\\n    padding-right:5vw;\\n    padding-top:20px;\\n    padding-bottom:20px;\\n    margin-left:0;\\n    margin-right:0;\\n}\\n}\\n.uk-h2 {\\n    font-size: 18px;\\n}\",\"class\":\"bg-gray \",\"maxwidth\":\"2xlarge\",\"block_align\":\"center\",\"margin_remove_bottom\":true},\"modified\":\"2021-04-09T07:07:45.866Z\",\"name\":\"widgetkithome\"}]}]},{\"type\":\"row\",\"children\":[{\"type\":\"column\",\"props\":{\"image_position\":\"center-center\",\"media_overlay_gradient\":\"\"},\"children\":[{\"type\":\"button\",\"props\":{\"grid_column_gap\":\"small\",\"grid_row_gap\":\"small\",\"margin\":\"default\",\"text_align\":\"center\",\"css\":\".el-element{margin-top:-25px !important;position:relative;}\",\"margin_remove_top\":true},\"children\":[{\"type\":\"button_item\",\"props\":{\"button_style\":\"primary\",\"icon_align\":\"left\",\"content\":\"View all\",\"link\":\"\\\/pt-pt\\\/news\"}}]},{\"type\":\"text\",\"props\":{\"margin\":\"default\",\"column_breakpoint\":\"m\",\"content\":\"\n\n<div class=\\\"uk-margin-top-small\\\"><\\\/div>\",\"class\":\"border-bottom\"}}]}]}]},{\"type\":\"section\",\"props\":{\"style\":\"default\",\"width\":\"small\",\"vertical_align\":\"middle\",\"title_position\":\"top-left\",\"title_rotation\":\"left\",\"title_breakpoint\":\"xl\",\"image_position\":\"center-center\",\"padding_remove_top\":true},\"children\":[{\"type\":\"row\",\"props\":{\"margin_remove_bottom\":true},\"children\":[{\"type\":\"column\",\"props\":{\"image_position\":\"center-center\",\"media_overlay_gradient\":\"\"},\"children\":[{\"type\":\"headline\",\"props\":{\"title_element\":\"h1\",\"content\":\"Contactos\",\"title_style\":\"h2\",\"text_align\":\"center\"}}]}]},{\"type\":\"row\",\"props\":{\"layout\":\"1-3,1-3,1-3\",\"margin_remove_top\":true,\"margin_remove_bottom\":true},\"children\":[{\"type\":\"column\",\"props\":{\"image_position\":\"center-center\",\"media_overlay_gradient\":\"\",\"width_medium\":\"1-3\"},\"children\":[]},{\"type\":\"column\",\"props\":{\"image_position\":\"center-center\",\"media_overlay_gradient\":\"\",\"width_medium\":\"1-3\"},\"children\":[{\"type\":\"image\",\"props\":{\"margin\":\"default\",\"image_svg_color\":\"emphasis\",\"image\":\"wp-content\\\/uploads\\\/2021\\\/02\\\/Contact-Page.png\",\"class\":\"el-image-mobile el-image-minus15\",\"text_align\":\"center\"}}]},{\"type\":\"column\",\"props\":{\"image_position\":\"center-center\",\"media_overlay_gradient\":\"\",\"width_medium\":\"1-3\"},\"children\":[]}]},{\"type\":\"row\",\"children\":[{\"type\":\"column\",\"props\":{\"image_position\":\"center-center\",\"media_overlay_gradient\":\"\"},\"children\":[{\"type\":\"text\",\"props\":{\"margin\":\"default\",\"column_breakpoint\":\"m\",\"content\":\"[contact-form-7 id=\\\"1104\\\" title=\\\"Contact form PT\\\"]\",\"css\":\".el-element{\\ncolor:#333;\\n}\\n.uk-width-1-2 {\\n   width:48%;\\n    display:inline-block;\\n    margin-right:10px;\\n  }\\n\\n\\n@media only screen and (max-width: 960px) {\\n  .uk-width-1-2 {\\n   width:100% !important;\\n  }\\n    .uk-text-right{\\n    text-align:center !important;\\n    }\\n}\\n    \\n    .uk-input, textarea {\\n    border:1px solid #F37E5C ;\\n       \\n        background-color:#F8F8F8;\\n        color:#333;\\n        border-radius:10px;\\n    }\\n\\ntextarea {\\nheight:130px;\\n}\\n.cf7-label{\\ncolor:#F37E5C;\\nfont-size:18px;}\\n\\np{\\nmargin-top:3px;\\n}\\n.uk-margin{\\nmargin:0px !important;\\n}\"}}]}]}],\"modified\":\"2021-02-26T06:15:39.509Z\",\"name\":\"Contact Section\"}],\"version\":\"2.4.12\"} --><\/p>\n","protected":false},"excerpt":{"rendered":"<p>Intergenerational Mentoring and Learning in the Workplace Vis\u00e3o geral A Comiss\u00e3o Europeia divulgou, em 2017, uma estrat\u00e9gia de inclus\u00e3o e&#8230;<\/p>\n","protected":false},"author":1,"featured_media":1059,"parent":0,"menu_order":0,"comment_status":"closed","ping_status":"closed","template":"","meta":{"_acf_changed":false,"footnotes":""},"class_list":["post-1057","page","type-page","status-publish","has-post-thumbnail","hentry"],"acf":[],"_links":{"self":[{"href":"https:\/\/learngen.eu\/pt-pt\/wp-json\/wp\/v2\/pages\/1057","targetHints":{"allow":["GET"]}}],"collection":[{"href":"https:\/\/learngen.eu\/pt-pt\/wp-json\/wp\/v2\/pages"}],"about":[{"href":"https:\/\/learngen.eu\/pt-pt\/wp-json\/wp\/v2\/types\/page"}],"author":[{"embeddable":true,"href":"https:\/\/learngen.eu\/pt-pt\/wp-json\/wp\/v2\/users\/1"}],"replies":[{"embeddable":true,"href":"https:\/\/learngen.eu\/pt-pt\/wp-json\/wp\/v2\/comments?post=1057"}],"version-history":[{"count":17,"href":"https:\/\/learngen.eu\/pt-pt\/wp-json\/wp\/v2\/pages\/1057\/revisions"}],"predecessor-version":[{"id":1225,"href":"https:\/\/learngen.eu\/pt-pt\/wp-json\/wp\/v2\/pages\/1057\/revisions\/1225"}],"wp:featuredmedia":[{"embeddable":true,"href":"https:\/\/learngen.eu\/pt-pt\/wp-json\/wp\/v2\/media\/1059"}],"wp:attachment":[{"href":"https:\/\/learngen.eu\/pt-pt\/wp-json\/wp\/v2\/media?parent=1057"}],"curies":[{"name":"wp","href":"https:\/\/api.w.org\/{rel}","templated":true}]}}