{"id":1055,"date":"2021-05-05T08:45:25","date_gmt":"2021-05-05T08:45:25","guid":{"rendered":"https:\/\/learngen.eu\/?page_id=1055"},"modified":"2021-05-05T09:38:35","modified_gmt":"2021-05-05T09:38:35","slug":"resources","status":"publish","type":"page","link":"https:\/\/learngen.eu\/pt-pt\/resources\/","title":{"rendered":"Recursos"},"content":{"rendered":"<h2><strong>Recursos<\/strong><\/h2>\n<p><img decoding=\"async\" src=\"\/wp-content\/uploads\/2021\/02\/Desktop-Learning.png\" alt=\"\"><\/p>\n<h2>Forma\u00e7\u00e3o sobre os desafios intergeracionais no trabalho<\/h2>\n<div>\n<p>O curr\u00edculo de forma\u00e7\u00e3o LearnGen tem a dura\u00e7\u00e3o de 18 horas, em formato b-learning. Esta forma\u00e7\u00e3o, destinada a gestores de equipas, formadores e profissionais de recursos humanos, tem como objetivo a conce\u00e7\u00e3o de um documento estrat\u00e9gico para a elabora\u00e7\u00e3o de um programa de mentoring intergeracional.<\/p>\n<p><span>A estrutura de forma\u00e7\u00e3o contempla:<\/span><\/p>\n<ul>\n<li aria-level=\"1\"><span>1 <\/span><i><span>workshop<\/span><\/i><span>, de 8 horas, de introdu\u00e7\u00e3o aos objetivos e conte\u00fados do curso.<\/span><\/li>\n<li aria-level=\"1\"><span>Aprendizagem autodirigida <\/span><i><span>online<\/span><\/i><span>, num total de 5 horas, com sess\u00f5es de tutoria e sess\u00f5es de forma\u00e7\u00e3o presenciais opcionais.<\/span><\/li>\n<li aria-level=\"1\"><span>1 workshop, de 5 horas, para apresenta\u00e7\u00e3o dos trabalhos finais dos formandos.<\/span><\/li>\n<\/ul>\n<\/div>\n<div>\n<p><a class=\"uk-button uk-button-primary notify-soon2 uk-button-nohover\">Brevemente<\/a><\/p>\n<\/div>\n<p><img decoding=\"async\" src=\"\/wp-content\/uploads\/2021\/02\/Tablet-Training.png\" alt=\"\"><\/p>\n<h2>Training Package for employees trained to become Mentors<\/h2>\n<div>\n<p>\nEm formato b-learning, combina forma\u00e7\u00e3o presencial e solu\u00e7\u00f5es de aprendizagem digitais, de forma a dar resposta aos diferentes estilos de aprendizagem e necessidades de trabalhadores seniores (50+) e trabalhadores jovens (18-30).<\/p>\n<\/div>\n<div><a class=\"uk-button uk-button-primary notify-soon3 uk-button-nohover\">Brevemente<\/a><\/div>\n<p><!--more--><br \/>\n<!-- {\"name\":\"Resources Final\",\"type\":\"layout\",\"children\":[{\"type\":\"section\",\"props\":{\"style\":\"default\",\"width\":\"default\",\"vertical_align\":\"middle\",\"title_position\":\"top-left\",\"title_rotation\":\"left\",\"title_breakpoint\":\"xl\",\"image_position\":\"center-center\",\"padding_remove_top\":false},\"children\":[{\"type\":\"row\",\"children\":[{\"type\":\"column\",\"props\":{\"image_position\":\"center-center\",\"media_overlay_gradient\":\"\"},\"children\":[{\"type\":\"headline\",\"props\":{\"title_element\":\"h2\",\"content\":\"<strong>Recursos<\\\/strong>\",\"title_style\":\"h2\"}}]}]},{\"type\":\"row\",\"props\":{\"layout\":\"1-3,2-3\"},\"children\":[{\"type\":\"column\",\"props\":{\"image_position\":\"center-center\",\"media_overlay_gradient\":\"\",\"width_medium\":\"1-3\"},\"children\":[{\"type\":\"image\",\"props\":{\"margin\":\"default\",\"image_svg_color\":\"emphasis\",\"image\":\"wp-content\\\/uploads\\\/2021\\\/02\\\/Desktop-Learning.png\",\"class\":\"el-image-minus1 el-image-mobile\"}}]},{\"type\":\"column\",\"props\":{\"image_position\":\"center-center\",\"media_overlay_gradient\":\"\",\"width_medium\":\"2-3\",\"vertical_align\":\"middle\"},\"children\":[{\"type\":\"headline\",\"props\":{\"title_element\":\"h2\",\"content\":\"Forma\\u00e7\\u00e3o sobre os desafios intergeracionais no trabalho\",\"title_style\":\"h2\"}},{\"type\":\"text\",\"props\":{\"margin\":\"default\",\"column_breakpoint\":\"m\",\"content\":\"\n\n<p>O curr\\u00edculo de forma\\u00e7\\u00e3o LearnGen tem a dura\\u00e7\\u00e3o de 18 horas, em formato b-learning. Esta forma\\u00e7\\u00e3o, destinada a gestores de equipas, formadores e profissionais de recursos humanos, tem como objetivo a conce\\u00e7\\u00e3o de um documento estrat\\u00e9gico para a elabora\\u00e7\\u00e3o de um programa de mentoring intergeracional.<\\\/p>\\n\n\n<p><span>A estrutura de forma\\u00e7\\u00e3o contempla:<\\\/span><\\\/p>\\n\n\n<ul>\\n\n\n<li aria-level=\\\"1\\\"><span>1 <\\\/span><i><span>workshop<\\\/span><\\\/i><span>, de 8 horas, de introdu\\u00e7\\u00e3o aos objetivos e conte\\u00fados do curso.<\\\/span><\\\/li>\\n\n\n<li aria-level=\\\"1\\\"><span>Aprendizagem autodirigida <\\\/span><i><span>online<\\\/span><\\\/i><span>, num total de 5 horas, com sess\\u00f5es de tutoria e sess\\u00f5es de forma\\u00e7\\u00e3o presenciais opcionais.<\\\/span><\\\/li>\\n\n\n<li aria-level=\\\"1\\\"><span>1 workshop, de 5 horas, para apresenta\\u00e7\\u00e3o dos trabalhos finais dos formandos.<\\\/span><\\\/li>\\n<\\\/ul>\",\"class\":\"uk-text-color-primary\"}},{\"type\":\"text\",\"props\":{\"margin\":\"default\",\"column_breakpoint\":\"m\",\"content\":\"\n\n<p><a class=\\\"uk-button uk-button-primary notify-soon2 uk-button-nohover\\\">Brevemente<\\\/a><\\\/p>\"},\"modified\":\"2021-03-08T08:29:43.413Z\",\"name\":\"coming soon\"}]}]}]},{\"type\":\"section\",\"props\":{\"style\":\"default\",\"width\":\"default\",\"vertical_align\":\"middle\",\"title_position\":\"top-left\",\"title_rotation\":\"left\",\"title_breakpoint\":\"xl\",\"image_position\":\"center-center\"},\"children\":[{\"type\":\"row\",\"props\":{\"layout\":\"1-3,2-3\"},\"children\":[{\"type\":\"column\",\"props\":{\"image_position\":\"center-center\",\"media_overlay_gradient\":\"\",\"width_medium\":\"1-3\"},\"children\":[{\"type\":\"image\",\"props\":{\"margin\":\"default\",\"image_svg_color\":\"emphasis\",\"image\":\"wp-content\\\/uploads\\\/2021\\\/02\\\/Tablet-Training.png\",\"class\":\"el-image-minus1 el-image-mobile\"}}]},{\"type\":\"column\",\"props\":{\"image_position\":\"center-center\",\"media_overlay_gradient\":\"\",\"width_medium\":\"2-3\",\"vertical_align\":\"middle\"},\"children\":[{\"type\":\"headline\",\"props\":{\"title_element\":\"h2\",\"content\":\"Training Package for employees trained to become Mentors\",\"title_style\":\"h2\"}},{\"type\":\"text\",\"props\":{\"margin\":\"default\",\"column_breakpoint\":\"m\",\"content\":\"\n\n<p>\\nEm formato b-learning, combina forma\\u00e7\\u00e3o presencial e solu\\u00e7\\u00f5es de aprendizagem digitais, de forma a dar resposta aos diferentes estilos de aprendizagem e necessidades de trabalhadores seniores (50+) e trabalhadores jovens (18-30).\\n\\n<\\\/p>\",\"class\":\"uk-text-color-primary \"}},{\"type\":\"text\",\"props\":{\"margin\":\"default\",\"column_breakpoint\":\"m\",\"content\":\"<a class=\\\"uk-button uk-button-primary notify-soon3 uk-button-nohover\\\">Brevemente<\\\/a>\"},\"modified\":\"2021-03-08T08:29:43.413Z\",\"name\":\"coming soon\"}]}]}]}],\"version\":\"2.4.12\"} --><\/p>\n","protected":false},"excerpt":{"rendered":"<p>Recursos Forma\u00e7\u00e3o sobre os desafios intergeracionais no trabalho O curr\u00edculo de forma\u00e7\u00e3o LearnGen tem a dura\u00e7\u00e3o de 18 horas, em&#8230;<\/p>\n","protected":false},"author":1,"featured_media":0,"parent":0,"menu_order":0,"comment_status":"closed","ping_status":"closed","template":"","meta":{"_acf_changed":false,"footnotes":""},"class_list":["post-1055","page","type-page","status-publish","hentry"],"acf":[],"_links":{"self":[{"href":"https:\/\/learngen.eu\/pt-pt\/wp-json\/wp\/v2\/pages\/1055","targetHints":{"allow":["GET"]}}],"collection":[{"href":"https:\/\/learngen.eu\/pt-pt\/wp-json\/wp\/v2\/pages"}],"about":[{"href":"https:\/\/learngen.eu\/pt-pt\/wp-json\/wp\/v2\/types\/page"}],"author":[{"embeddable":true,"href":"https:\/\/learngen.eu\/pt-pt\/wp-json\/wp\/v2\/users\/1"}],"replies":[{"embeddable":true,"href":"https:\/\/learngen.eu\/pt-pt\/wp-json\/wp\/v2\/comments?post=1055"}],"version-history":[{"count":6,"href":"https:\/\/learngen.eu\/pt-pt\/wp-json\/wp\/v2\/pages\/1055\/revisions"}],"predecessor-version":[{"id":1102,"href":"https:\/\/learngen.eu\/pt-pt\/wp-json\/wp\/v2\/pages\/1055\/revisions\/1102"}],"wp:attachment":[{"href":"https:\/\/learngen.eu\/pt-pt\/wp-json\/wp\/v2\/media?parent=1055"}],"curies":[{"name":"wp","href":"https:\/\/api.w.org\/{rel}","templated":true}]}}