{"id":1052,"date":"2021-05-05T08:45:00","date_gmt":"2021-05-05T08:45:00","guid":{"rendered":"https:\/\/learngen.eu\/?page_id=1052"},"modified":"2021-09-24T07:38:11","modified_gmt":"2021-09-24T07:38:11","slug":"elearning","status":"publish","type":"page","link":"https:\/\/learngen.eu\/pt-pt\/elearning\/","title":{"rendered":"eLearning"},"content":{"rendered":"<h2><strong>eLearning<\/strong><\/h2>\n<p><img decoding=\"async\" src=\"\/wp-content\/uploads\/2021\/02\/Laptop-Pencil.png\" alt=\"\"><\/p>\n<div>\n<p>\nA plataforma permite o acesso ao conjunto de recursos educativos abertos digitais do projeto LearnGen, tais como m\u00f3dulos de forma\u00e7\u00e3o, manuais, artigos e podcasts, entre outros recursos.<\/p>\n<\/div>\n<div><a href=\"https:\/\/elearning.learngen.eu\/pt-pt\/\" target=\"_blank\" class=\"uk-button uk-button-primary\">Visite a plataforma<\/a><\/div>\n<p><!--more--><br \/>\n<!-- {\"name\":\"Elearn final\",\"type\":\"layout\",\"children\":[{\"type\":\"section\",\"props\":{\"style\":\"default\",\"width\":\"default\",\"vertical_align\":\"middle\",\"title_position\":\"top-left\",\"title_rotation\":\"left\",\"title_breakpoint\":\"xl\",\"image_position\":\"center-center\",\"padding_remove_top\":false},\"children\":[{\"type\":\"row\",\"children\":[{\"type\":\"column\",\"props\":{\"image_position\":\"center-center\",\"media_overlay_gradient\":\"\"},\"children\":[{\"type\":\"headline\",\"props\":{\"title_element\":\"h2\",\"content\":\"<strong>eLearning<\\\/strong>\",\"title_style\":\"h2\"},\"modified\":\"2021-02-24T06:49:16.335Z\",\"name\":\"Header Other pages\"}]}]},{\"type\":\"row\",\"props\":{\"layout\":\"1-3,2-3\"},\"children\":[{\"type\":\"column\",\"props\":{\"image_position\":\"center-center\",\"media_overlay_gradient\":\"\",\"width_medium\":\"1-3\"},\"children\":[{\"type\":\"image\",\"props\":{\"margin\":\"default\",\"image_svg_color\":\"emphasis\",\"image\":\"wp-content\\\/uploads\\\/2021\\\/02\\\/Laptop-Pencil.png\",\"class\":\"el-image-mobile el-image-minus1\"}}]},{\"type\":\"column\",\"props\":{\"image_position\":\"center-center\",\"media_overlay_gradient\":\"\",\"width_medium\":\"2-3\",\"vertical_align\":\"middle\"},\"children\":[{\"type\":\"text\",\"props\":{\"margin\":\"default\",\"column_breakpoint\":\"m\",\"content\":\"\n\n<p>\\nA plataforma permite o acesso ao conjunto de recursos educativos abertos digitais do projeto LearnGen, tais como m\\u00f3dulos de forma\\u00e7\\u00e3o, manuais, artigos e podcasts, entre outros recursos.\\n\\n<\\\/p>\",\"class\":\"uk-text-color-primary\"}},{\"type\":\"text\",\"props\":{\"margin\":\"default\",\"column_breakpoint\":\"m\",\"content\":\"<a href=\\\"https:\\\/\\\/elearning.learngen.eu\\\/pt-pt\\\/\\\" target=\\\"_blank\\\" class=\\\"uk-button uk-button-primary\\\">Visite a plataforma<\\\/a>\"}}]}]}]}],\"version\":\"2.4.12\"} --><\/p>\n","protected":false},"excerpt":{"rendered":"<p>eLearning A plataforma permite o acesso ao conjunto de recursos educativos abertos digitais do projeto LearnGen, tais como m\u00f3dulos de&#8230;<\/p>\n","protected":false},"author":1,"featured_media":0,"parent":0,"menu_order":0,"comment_status":"closed","ping_status":"closed","template":"","meta":{"_acf_changed":false,"footnotes":""},"class_list":["post-1052","page","type-page","status-publish","hentry"],"acf":[],"_links":{"self":[{"href":"https:\/\/learngen.eu\/pt-pt\/wp-json\/wp\/v2\/pages\/1052","targetHints":{"allow":["GET"]}}],"collection":[{"href":"https:\/\/learngen.eu\/pt-pt\/wp-json\/wp\/v2\/pages"}],"about":[{"href":"https:\/\/learngen.eu\/pt-pt\/wp-json\/wp\/v2\/types\/page"}],"author":[{"embeddable":true,"href":"https:\/\/learngen.eu\/pt-pt\/wp-json\/wp\/v2\/users\/1"}],"replies":[{"embeddable":true,"href":"https:\/\/learngen.eu\/pt-pt\/wp-json\/wp\/v2\/comments?post=1052"}],"version-history":[{"count":6,"href":"https:\/\/learngen.eu\/pt-pt\/wp-json\/wp\/v2\/pages\/1052\/revisions"}],"predecessor-version":[{"id":1627,"href":"https:\/\/learngen.eu\/pt-pt\/wp-json\/wp\/v2\/pages\/1052\/revisions\/1627"}],"wp:attachment":[{"href":"https:\/\/learngen.eu\/pt-pt\/wp-json\/wp\/v2\/media?parent=1052"}],"curies":[{"name":"wp","href":"https:\/\/api.w.org\/{rel}","templated":true}]}}