{"id":1117,"date":"2021-05-07T06:20:23","date_gmt":"2021-05-07T06:20:23","guid":{"rendered":"https:\/\/learngen.eu\/?page_id=1117"},"modified":"2021-05-10T05:57:24","modified_gmt":"2021-05-10T05:57:24","slug":"domu","status":"publish","type":"page","link":"https:\/\/learngen.eu\/cs\/","title":{"rendered":"Dom\u016f"},"content":{"rendered":"<p><img decoding=\"async\" src=\"\/wp-content\/uploads\/2021\/02\/Header-comp.png\" alt=\"\"><\/p>\n<h1>Mezigenera\u010dn\u00ed mentoring a vzd\u011bl\u00e1v\u00e1n\u00ed na pracovi\u0161ti<\/h1>\n<p><img decoding=\"async\" src=\"\/wp-content\/uploads\/2021\/02\/Overview.png\" alt=\"\"><\/p>\n<h1>O projektu<\/h1>\n<div>V roce 2017 p\u0159edstavila Evropsk\u00e1 komise strategii inkluze a rozmanitosti, kter\u00e1 m\u00e1 podpo\u0159it rovn\u00e9 pracovn\u00ed p\u0159\u00edle\u017eitosti pro v\u011bkov\u011b star\u0161\u00ed i mlad\u0161\u00ed zam\u011bstnance. LearnGen si vzal tuto strategii za sv\u00e9 a vznikl tak projekt, kter\u00fd se zam\u011b\u0159uje na sni\u017eov\u00e1n\u00ed segregace, diskriminace a soci\u00e1ln\u00edho vylou\u010den\u00ed marginalizovan\u00fdch pracovn\u00edk\u016f z firem s\u00eddl\u00edc\u00edch ve venkovsk\u00fdch oblastech a men\u0161\u00edch m\u011bstech. <\/div>\n<p>\n    <a href=\"\/cs\/about\">V\u00edce<\/a>\n<\/p>\n<div>\n<div class=\"uk-margin-top-small\"><\/div>\n<\/div>\n<p><img decoding=\"async\" src=\"\/wp-content\/uploads\/2021\/02\/elearning-home.png\" alt=\"\"><\/p>\n<h1>E-learning<\/h1>\n<div>Tato webov\u00e1 platforma slou\u017e\u00ed jako jednotn\u00e9 informa\u010dn\u00ed m\u00edsto poskytuj\u00edc\u00ed okam\u017eit\u00fd p\u0159\u00edstup k cel\u00e9 sad\u011b gamifikovan\u00fdch zdroj\u016f digit\u00e1ln\u00edho u\u010den\u00ed, jako jsou online moduly, p\u0159\u00edru\u010dky, v\u00fdukov\u00e9 materi\u00e1ly, podcasty, p\u0159\u00edsp\u011bvky na blogu, \u010dl\u00e1nky a dal\u0161\u00ed otev\u0159en\u00e9 vzd\u011bl\u00e1vac\u00ed zdroje (OER = Open Educational Resources).<\/div>\n<p>\n    <a href=\"\/cs\/e-learning\">V\u00edce<\/a>\n<\/p>\n<div>\n<div class=\"uk-margin-top-small\"><\/div>\n<\/div>\n<p><img decoding=\"async\" src=\"\/wp-content\/uploads\/2021\/02\/resources-home.png\" alt=\"\"><\/p>\n<h1>Zdroje<\/h1>\n<div>Kurikulum odpov\u00edd\u00e1 18 hodin\u00e1m kombinovan\u00e9ho studia. Hlavn\u00edm v\u00fdstupem modul\u016f bude n\u00e1vrh strategick\u00e9ho dokumentu a n\u00e1vrh programu propojuj\u00edc\u00ed digit\u00e1ln\u00ed n\u00e1stroje pro mana\u017eery, \u0161kolitele a HR profesion\u00e1ly.<\/div>\n<p>\n    <a href=\"\/cs\/resources\">V\u00edce<\/a>\n<\/p>\n<div>\n<div class=\"uk-margin-top-small\"><\/div>\n<\/div>\n<h1>Novinky<\/h1>\n<div>\n\n    <div id=\"wk-grid032\" class=\"uk-child-width-1-1 uk-child-width-1-3@l uk-child-width-1-3@xl uk-grid-match uk-text-left widget-news\" uk-height-match=\"target: &gt; div &gt; .uk-panel, &gt; div &gt; .uk-card; row: true\" uk-grid >\n\n    \n        <div >\n            <div class=\"uk-panel uk-transition-toggle\">\n\n                                <a class=\"uk-position-cover uk-position-z-index\" href=\"https:\/\/learngen.eu\/cs\/2022\/12\/12\/valka-zacina-slovy\/\" title=\"V\u00e1lka za\u010d\u00edn\u00e1 slovy\"><\/a>\n                \n                \n                                <div class=\"uk-text-center uk-margin uk-margin-remove-top\"><div class=\"uk-inline-clip \"><img decoding=\"async\" src=\"https:\/\/learngen.eu\/wp-content\/uploads\/2022\/12\/unnamed.jpg\" class=\" uk-transition-scale-up uk-transition-opaque\" alt=\"V\u00e1lka za\u010d\u00edn\u00e1 slovy\"><\/div><\/div>\n                \n                \n                    \n                        \n                                                <h2 class=\"uk-h2 uk-margin-remove-top\">\n\n                                                            <a class=\"uk-link-reset\" href=\"https:\/\/learngen.eu\/cs\/2022\/12\/12\/valka-zacina-slovy\/\">V\u00e1lka za\u010d\u00edn\u00e1 slovy<\/a>\n                            \n                            \n                        <\/h2>\n                        \n                        \n                        \n                        \n                        \n                        \n                    \n                \n            <\/div>\n        <\/div>\n\n    \n        <div >\n            <div class=\"uk-panel uk-transition-toggle\">\n\n                                <a class=\"uk-position-cover uk-position-z-index\" href=\"https:\/\/learngen.eu\/cs\/2022\/10\/13\/pozvanka-sila-rozmanitosti-na-pracovisti-workshopy-networking-posezeni-s-obcerstvenim\/\" title=\"Pozv\u00e1nka: S\u00edla rozmanitosti na pracovi\u0161ti &amp;#8211; workshopy, networking, posezen\u00ed s ob\u010derstven\u00edm\"><\/a>\n                \n                \n                                <div class=\"uk-text-center uk-margin uk-margin-remove-top\"><div class=\"uk-inline-clip \"><img decoding=\"async\" src=\"https:\/\/learngen.eu\/wp-content\/uploads\/2022\/10\/unnamed.jpg\" class=\" uk-transition-scale-up uk-transition-opaque\" alt=\"Pozv\u00e1nka: S\u00edla rozmanitosti na pracovi\u0161ti &#8211; workshopy, networking, posezen\u00ed s ob\u010derstven\u00edm\"><\/div><\/div>\n                \n                \n                    \n                        \n                                                <h2 class=\"uk-h2 uk-margin-remove-top\">\n\n                                                            <a class=\"uk-link-reset\" href=\"https:\/\/learngen.eu\/cs\/2022\/10\/13\/pozvanka-sila-rozmanitosti-na-pracovisti-workshopy-networking-posezeni-s-obcerstvenim\/\">Pozv\u00e1nka: S\u00edla rozmanitosti na pracovi\u0161ti &#8211; workshopy, networking, posezen\u00ed s ob\u010derstven\u00edm<\/a>\n                            \n                            \n                        <\/h2>\n                        \n                        \n                        \n                        \n                        \n                        \n                    \n                \n            <\/div>\n        <\/div>\n\n    \n        <div >\n            <div class=\"uk-panel uk-transition-toggle\">\n\n                                <a class=\"uk-position-cover uk-position-z-index\" href=\"https:\/\/learngen.eu\/cs\/2022\/09\/05\/mentoring-v-praci-i-v-zivote-pilotni-skoleni-projektu-learngen\/\" title=\"Mentoring v pr\u00e1ci i v \u017eivot\u011b &amp;#8211; pilotn\u00ed \u0161kolen\u00ed projektu LearnGen\"><\/a>\n                \n                \n                                <div class=\"uk-text-center uk-margin uk-margin-remove-top\"><div class=\"uk-inline-clip \"><img decoding=\"async\" src=\"https:\/\/learngen.eu\/wp-content\/uploads\/2022\/09\/unnamed-3.png\" class=\" uk-transition-scale-up uk-transition-opaque\" alt=\"Mentoring v pr\u00e1ci i v \u017eivot\u011b &#8211; pilotn\u00ed \u0161kolen\u00ed projektu LearnGen\"><\/div><\/div>\n                \n                \n                    \n                        \n                                                <h2 class=\"uk-h2 uk-margin-remove-top\">\n\n                                                            <a class=\"uk-link-reset\" href=\"https:\/\/learngen.eu\/cs\/2022\/09\/05\/mentoring-v-praci-i-v-zivote-pilotni-skoleni-projektu-learngen\/\">Mentoring v pr\u00e1ci i v \u017eivot\u011b &#8211; pilotn\u00ed \u0161kolen\u00ed projektu LearnGen<\/a>\n                            \n                            \n                        <\/h2>\n                        \n                        \n                        \n                        \n                        \n                        \n                    \n                \n            <\/div>\n        <\/div>\n\n    \n    <\/div>\n\n<\/div>\n<p>\n    <a href=\"\/cs\/news\"> Uk\u00e1zat v\u0161e<\/a>\n<\/p>\n<div>\n<div class=\"uk-margin-top-small\"><\/div>\n<\/div>\n<h1>Kontaktujte n\u00e1s<\/h1>\n<p><img decoding=\"async\" src=\"\/wp-content\/uploads\/2021\/02\/Contact-Page.png\" alt=\"\"><\/p>\n<div>\n<div class=\"wpcf7 no-js\" id=\"wpcf7-f1152-o1\" lang=\"en-US\" dir=\"ltr\" data-wpcf7-id=\"1152\">\n<div class=\"screen-reader-response\"><p role=\"status\" aria-live=\"polite\" aria-atomic=\"true\"><\/p> <ul><\/ul><\/div>\n<form action=\"\/cs\/wp-json\/wp\/v2\/pages\/1117#wpcf7-f1152-o1\" method=\"post\" class=\"wpcf7-form init\" aria-label=\"Contact form\" novalidate=\"novalidate\" data-status=\"init\">\n<fieldset class=\"hidden-fields-container\"><input type=\"hidden\" name=\"_wpcf7\" value=\"1152\" \/><input type=\"hidden\" name=\"_wpcf7_version\" value=\"6.1.5\" \/><input type=\"hidden\" name=\"_wpcf7_locale\" value=\"en_US\" \/><input type=\"hidden\" name=\"_wpcf7_unit_tag\" value=\"wpcf7-f1152-o1\" \/><input type=\"hidden\" name=\"_wpcf7_container_post\" value=\"0\" \/><input type=\"hidden\" name=\"_wpcf7_posted_data_hash\" value=\"\" \/><input type=\"hidden\" name=\"_wpcf7_recaptcha_response\" value=\"\" \/>\n<\/fieldset>\n<div class=\"uk-margin\">\n\t<div class=\"uk-width-1-2\">\n\t\t<div class=\"cf7-label\">\n\t\t\t<p>Jm\u00e9no\n\t\t\t<\/p>\n\t\t<\/div>\n\t\t<p><span class=\"wpcf7-form-control-wrap\" data-name=\"your-name\"><input size=\"40\" maxlength=\"400\" class=\"wpcf7-form-control wpcf7-text wpcf7-validates-as-required uk-input uk-margin-small-bottom\" aria-required=\"true\" aria-invalid=\"false\" placeholder=\"Napi\u0161te sv\u00e9 jm\u00e9no\" value=\"\" type=\"text\" name=\"your-name\" \/><\/span>\n\t\t<\/p>\n\t<\/div>\n\t<div class=\"uk-width-1-2\">\n\t\t<div class=\"cf7-label\">\n\t\t\t<p>Email\n\t\t\t<\/p>\n\t\t<\/div>\n\t\t<p><span class=\"wpcf7-form-control-wrap\" data-name=\"your-email\"><input size=\"40\" maxlength=\"400\" class=\"wpcf7-form-control wpcf7-email wpcf7-validates-as-required wpcf7-text wpcf7-validates-as-email uk-input uk-margin-small-bottom\" aria-required=\"true\" aria-invalid=\"false\" placeholder=\"Napi\u0161te sv\u016fj e-mail\" value=\"\" type=\"email\" name=\"your-email\" \/><\/span>\n\t\t<\/p>\n\t<\/div>\n<\/div>\n<div class=\"uk-margin\">\n\t<div class=\"cf7-label\">\n\t\t<p>P\u0159edm\u011bt\n\t\t<\/p>\n\t<\/div>\n\t<p><span class=\"wpcf7-form-control-wrap\" data-name=\"your-subject\"><input size=\"40\" maxlength=\"400\" class=\"wpcf7-form-control wpcf7-text wpcf7-validates-as-required uk-input uk-margin-small-bottom\" aria-required=\"true\" aria-invalid=\"false\" placeholder=\"Napi\u0161te p\u0159edm\u011bt zpr\u00e1vy\" value=\"\" type=\"text\" name=\"your-subject\" \/><\/span>\n\t<\/p>\n<\/div>\n<div class=\"uk-margin\">\n\t<div class=\"cf7-label\">\n\t\t<p>Zpr\u00e1va\n\t\t<\/p>\n\t<\/div>\n<\/div>\n<div class=\"uk-margin\">\n\t<p><span class=\"wpcf7-form-control-wrap\" data-name=\"your-message\"><textarea cols=\"40\" rows=\"10\" maxlength=\"2000\" class=\"wpcf7-form-control wpcf7-textarea uk-textarea uk-margin-small-bottom\" aria-invalid=\"false\" placeholder=\"Napi\u0161te zpr\u00e1vu\" name=\"your-message\"><\/textarea><\/span>\n\t<\/p>\n<\/div>\n<div class=\"uk-margin uk-text-center\"\n<input class=\"wpcf7-form-control wpcf7-submit has-spinner uk-button uk-button-primary\" type=\"submit\" value=\"Poslat e-mail\" \/>\n<\/div><div class=\"wpcf7-response-output\" aria-hidden=\"true\"><\/div>\n<\/form>\n<\/div>\n<\/div>\n<p><!--more--><br \/>\n<!-- {\"name\":\"HOME Final\",\"type\":\"layout\",\"children\":[{\"type\":\"section\",\"props\":{\"style\":\"default\",\"width\":\"default\",\"vertical_align\":\"middle\",\"title_position\":\"top-left\",\"title_rotation\":\"left\",\"title_breakpoint\":\"xl\",\"image_position\":\"top-center\",\"height\":\"full\",\"image\":\"\",\"css\":\"@media only screen and (max-width:768px){.el-section{padding-bottom:0;}}\"},\"children\":[{\"type\":\"row\",\"children\":[{\"type\":\"column\",\"props\":{\"image_position\":\"center-center\",\"media_overlay_gradient\":\"\",\"vertical_align\":\"bottom\"},\"children\":[{\"type\":\"image\",\"props\":{\"margin\":\"default\",\"image_svg_color\":\"emphasis\",\"image\":\"wp-content\\\/uploads\\\/2021\\\/02\\\/Header-comp.png\"}},{\"type\":\"headline\",\"props\":{\"title_element\":\"h1\",\"content\":\"Mezigenera\\u010dn\\u00ed mentoring a vzd\\u011bl\\u00e1v\\u00e1n\\u00ed na pracovi\\u0161ti\",\"title_style\":\"h3\",\"text_align\":\"center\"}}]}]}]},{\"type\":\"section\",\"props\":{\"style\":\"default\",\"width\":\"default\",\"vertical_align\":\"middle\",\"title_position\":\"top-left\",\"title_rotation\":\"left\",\"title_breakpoint\":\"xl\",\"image_position\":\"center-center\",\"class\":\"border-full-bottom width-60\",\"animation\":\"fade\",\"animation_delay\":true},\"children\":[{\"type\":\"row\",\"props\":{\"layout\":\"1-4,3-4\",\"width\":\"default\",\"padding_remove_horizontal\":false},\"children\":[{\"type\":\"column\",\"props\":{\"image_position\":\"center-center\",\"media_overlay_gradient\":\"\",\"width_medium\":\"1-4\",\"vertical_align\":\"middle\"},\"children\":[{\"type\":\"image\",\"props\":{\"margin\":\"default\",\"image_svg_color\":\"emphasis\",\"image\":\"wp-content\\\/uploads\\\/2021\\\/02\\\/Overview.png\",\"animation\":\"slide-left-medium\",\"parallax_x_start\":\"-50\",\"parallax_viewport\":\"0.3\",\"class\":\"el-image-mobile\"}}]},{\"type\":\"column\",\"props\":{\"image_position\":\"center-center\",\"media_overlay_gradient\":\"\",\"width_medium\":\"3-4\",\"vertical_align\":\"middle\"},\"children\":[{\"type\":\"headline\",\"props\":{\"title_element\":\"h1\",\"content\":\"O projektu\",\"title_style\":\"h2\"}},{\"type\":\"text\",\"props\":{\"margin\":\"default\",\"column_breakpoint\":\"m\",\"class\":\"uk-text-primary\",\"content\":\"V roce 2017 p\\u0159edstavila Evropsk\\u00e1 komise strategii inkluze a rozmanitosti, kter\\u00e1 m\\u00e1 podpo\\u0159it rovn\\u00e9 pracovn\\u00ed p\\u0159\\u00edle\\u017eitosti pro v\\u011bkov\\u011b star\\u0161\\u00ed i mlad\\u0161\\u00ed zam\\u011bstnance. LearnGen si vzal tuto strategii za sv\\u00e9 a vznikl tak projekt, kter\\u00fd se zam\\u011b\\u0159uje na sni\\u017eov\\u00e1n\\u00ed segregace, diskriminace a soci\\u00e1ln\\u00edho vylou\\u010den\\u00ed marginalizovan\\u00fdch pracovn\\u00edk\\u016f z firem s\\u00eddl\\u00edc\\u00edch ve venkovsk\\u00fdch oblastech a men\\u0161\\u00edch m\\u011bstech. \"}},{\"type\":\"button\",\"props\":{\"grid_column_gap\":\"small\",\"grid_row_gap\":\"small\",\"margin\":\"default\",\"parallax_opacity_start\":\"0\",\"parallax_viewport\":\"0.3\"},\"children\":[{\"type\":\"button_item\",\"props\":{\"button_style\":\"primary\",\"icon_align\":\"left\",\"link\":\"\\\/cs\\\/about\",\"content\":\"V\\u00edce\"}}]}]}]},{\"type\":\"row\",\"children\":[{\"type\":\"column\",\"props\":{\"image_position\":\"center-center\",\"media_overlay_gradient\":\"\"},\"children\":[{\"type\":\"text\",\"props\":{\"margin\":\"default\",\"column_breakpoint\":\"m\",\"content\":\"\n\n<div class=\\\"uk-margin-top-small\\\"><\\\/div>\",\"class\":\"border-bottom\"}}]}]}]},{\"type\":\"section\",\"props\":{\"style\":\"default\",\"width\":\"default\",\"vertical_align\":\"middle\",\"title_position\":\"top-left\",\"title_rotation\":\"left\",\"title_breakpoint\":\"xl\",\"image_position\":\"center-center\",\"class\":\"border-full-bottom width-60\",\"animation\":\"fade\",\"animation_delay\":true},\"children\":[{\"type\":\"row\",\"props\":{\"layout\":\"1-4,3-4\",\"width\":\"default\",\"padding_remove_horizontal\":false},\"children\":[{\"type\":\"column\",\"props\":{\"image_position\":\"center-center\",\"media_overlay_gradient\":\"\",\"width_medium\":\"1-4\",\"vertical_align\":\"middle\",\"order_first\":\"\"},\"children\":[{\"type\":\"image\",\"props\":{\"margin\":\"default\",\"image_svg_color\":\"emphasis\",\"image\":\"wp-content\\\/uploads\\\/2021\\\/02\\\/elearning-home.png\",\"animation\":\"slide-right-medium\",\"parallax_viewport\":\"0.3\",\"parallax_x_start\":\"50\",\"class\":\"el-image-mobile\"}}]},{\"type\":\"column\",\"props\":{\"image_position\":\"center-center\",\"media_overlay_gradient\":\"\",\"width_medium\":\"3-4\",\"vertical_align\":\"middle\",\"order_first\":\"l\"},\"children\":[{\"type\":\"headline\",\"props\":{\"title_element\":\"h1\",\"content\":\"E-learning\",\"title_style\":\"h2\"}},{\"type\":\"text\",\"props\":{\"margin\":\"default\",\"column_breakpoint\":\"m\",\"class\":\"uk-text-primary\",\"content\":\"Tato webov\\u00e1 platforma slou\\u017e\\u00ed jako jednotn\\u00e9 informa\\u010dn\\u00ed m\\u00edsto poskytuj\\u00edc\\u00ed okam\\u017eit\\u00fd p\\u0159\\u00edstup k cel\\u00e9 sad\\u011b gamifikovan\\u00fdch zdroj\\u016f digit\\u00e1ln\\u00edho u\\u010den\\u00ed, jako jsou online moduly, p\\u0159\\u00edru\\u010dky, v\\u00fdukov\\u00e9 materi\\u00e1ly, podcasty, p\\u0159\\u00edsp\\u011bvky na blogu, \\u010dl\\u00e1nky a dal\\u0161\\u00ed otev\\u0159en\\u00e9 vzd\\u011bl\\u00e1vac\\u00ed zdroje (OER = Open Educational Resources).\"}},{\"type\":\"button\",\"props\":{\"grid_column_gap\":\"small\",\"grid_row_gap\":\"small\",\"margin\":\"default\"},\"children\":[{\"type\":\"button_item\",\"props\":{\"button_style\":\"primary\",\"icon_align\":\"left\",\"link\":\"\\\/cs\\\/e-learning\",\"content\":\"V\\u00edce\"}}]}]}]},{\"type\":\"row\",\"children\":[{\"type\":\"column\",\"props\":{\"image_position\":\"center-center\",\"media_overlay_gradient\":\"\"},\"children\":[{\"type\":\"text\",\"props\":{\"margin\":\"default\",\"column_breakpoint\":\"m\",\"content\":\"\n\n<div class=\\\"uk-margin-top-small\\\"><\\\/div>\",\"class\":\"border-bottom\"}}]}]}]},{\"type\":\"section\",\"props\":{\"style\":\"default\",\"width\":\"default\",\"vertical_align\":\"middle\",\"title_position\":\"top-left\",\"title_rotation\":\"left\",\"title_breakpoint\":\"xl\",\"image_position\":\"center-center\",\"class\":\"border-full-bottom width-60\",\"animation\":\"fade\",\"animation_delay\":true},\"children\":[{\"type\":\"row\",\"props\":{\"layout\":\"1-4,3-4\",\"width\":\"default\",\"padding_remove_horizontal\":false},\"children\":[{\"type\":\"column\",\"props\":{\"image_position\":\"center-center\",\"media_overlay_gradient\":\"\",\"width_medium\":\"1-4\",\"vertical_align\":\"middle\"},\"children\":[{\"type\":\"image\",\"props\":{\"margin\":\"default\",\"image_svg_color\":\"emphasis\",\"image\":\"wp-content\\\/uploads\\\/2021\\\/02\\\/resources-home.png\",\"animation\":\"slide-left-medium\",\"parallax_x_start\":\"-50\",\"parallax_viewport\":\"0.3\",\"class\":\"el-image-mobile\"}}]},{\"type\":\"column\",\"props\":{\"image_position\":\"center-center\",\"media_overlay_gradient\":\"\",\"width_medium\":\"3-4\",\"vertical_align\":\"middle\"},\"children\":[{\"type\":\"headline\",\"props\":{\"title_element\":\"h1\",\"content\":\"Zdroje\",\"title_style\":\"h2\"}},{\"type\":\"text\",\"props\":{\"margin\":\"default\",\"column_breakpoint\":\"m\",\"class\":\"uk-text-primary\",\"content\":\"Kurikulum odpov\\u00edd\\u00e1 18 hodin\\u00e1m kombinovan\\u00e9ho studia. Hlavn\\u00edm v\\u00fdstupem modul\\u016f bude n\\u00e1vrh strategick\\u00e9ho dokumentu a n\\u00e1vrh programu propojuj\\u00edc\\u00ed digit\\u00e1ln\\u00ed n\\u00e1stroje pro mana\\u017eery, \\u0161kolitele a HR profesion\\u00e1ly.\"}},{\"type\":\"button\",\"props\":{\"grid_column_gap\":\"small\",\"grid_row_gap\":\"small\",\"margin\":\"default\"},\"children\":[{\"type\":\"button_item\",\"props\":{\"button_style\":\"primary\",\"icon_align\":\"left\",\"link\":\"\\\/cs\\\/resources\",\"content\":\"V\\u00edce\"}}]}]}]},{\"type\":\"row\",\"children\":[{\"type\":\"column\",\"props\":{\"image_position\":\"center-center\",\"media_overlay_gradient\":\"\"},\"children\":[{\"type\":\"text\",\"props\":{\"margin\":\"default\",\"column_breakpoint\":\"m\",\"content\":\"\n\n<div class=\\\"uk-margin-top-small\\\"><\\\/div>\",\"class\":\"border-bottom\"}}]}]}]},{\"type\":\"section\",\"props\":{\"style\":\"default\",\"width\":\"default\",\"vertical_align\":\"middle\",\"title_position\":\"top-left\",\"title_rotation\":\"left\",\"title_breakpoint\":\"xl\",\"image_position\":\"center-center\",\"class\":\"width-60\",\"animation\":\"fade\"},\"children\":[{\"type\":\"row\",\"children\":[{\"type\":\"column\",\"props\":{\"image_position\":\"center-center\",\"media_overlay_gradient\":\"\"},\"children\":[{\"type\":\"headline\",\"props\":{\"title_element\":\"h1\",\"content\":\"Novinky\",\"title_style\":\"h2\",\"margin_remove_top\":true,\"text_align\":\"center\"}},{\"type\":\"text\",\"props\":{\"margin\":\"default\",\"column_breakpoint\":\"m\",\"content\":\"[widgetkit id=\\\"14\\\"]\",\"css\":\"@media only screen and (min-width:769px) {\\n.el-element{\\nwidth:65vw;\\n    padding-left:5vw;\\n    padding-right:5vw;\\n    padding-top:20px;\\n    padding-bottom:20px;\\n    margin-left:0;\\n    margin-right:0;\\n}\\n}\\n.uk-h2 {\\n    font-size: 18px;\\n}\",\"class\":\"bg-gray \",\"maxwidth\":\"2xlarge\",\"block_align\":\"center\",\"margin_remove_bottom\":true},\"modified\":\"2021-04-09T07:07:45.866Z\",\"name\":\"widgetkithome\"}]}]},{\"type\":\"row\",\"children\":[{\"type\":\"column\",\"props\":{\"image_position\":\"center-center\",\"media_overlay_gradient\":\"\"},\"children\":[{\"type\":\"button\",\"props\":{\"grid_column_gap\":\"small\",\"grid_row_gap\":\"small\",\"margin\":\"default\",\"text_align\":\"center\",\"css\":\".el-element{margin-top:-25px !important;position:relative;}\",\"margin_remove_top\":true},\"children\":[{\"type\":\"button_item\",\"props\":{\"button_style\":\"primary\",\"icon_align\":\"left\",\"content\":\" Uk\\u00e1zat v\\u0161e\",\"link\":\"\\\/cs\\\/news\"}}]},{\"type\":\"text\",\"props\":{\"margin\":\"default\",\"column_breakpoint\":\"m\",\"content\":\"\n\n<div class=\\\"uk-margin-top-small\\\"><\\\/div>\",\"class\":\"border-bottom\"}}]}]}]},{\"type\":\"section\",\"props\":{\"style\":\"default\",\"width\":\"small\",\"vertical_align\":\"middle\",\"title_position\":\"top-left\",\"title_rotation\":\"left\",\"title_breakpoint\":\"xl\",\"image_position\":\"center-center\",\"padding_remove_top\":true},\"children\":[{\"type\":\"row\",\"props\":{\"margin_remove_bottom\":true},\"children\":[{\"type\":\"column\",\"props\":{\"image_position\":\"center-center\",\"media_overlay_gradient\":\"\"},\"children\":[{\"type\":\"headline\",\"props\":{\"title_element\":\"h1\",\"content\":\"Kontaktujte n\\u00e1s\",\"title_style\":\"h2\",\"text_align\":\"center\"}}]}]},{\"type\":\"row\",\"props\":{\"layout\":\"1-3,1-3,1-3\",\"margin_remove_top\":true,\"margin_remove_bottom\":true},\"children\":[{\"type\":\"column\",\"props\":{\"image_position\":\"center-center\",\"media_overlay_gradient\":\"\",\"width_medium\":\"1-3\"},\"children\":[]},{\"type\":\"column\",\"props\":{\"image_position\":\"center-center\",\"media_overlay_gradient\":\"\",\"width_medium\":\"1-3\"},\"children\":[{\"type\":\"image\",\"props\":{\"margin\":\"default\",\"image_svg_color\":\"emphasis\",\"image\":\"wp-content\\\/uploads\\\/2021\\\/02\\\/Contact-Page.png\",\"class\":\"el-image-mobile el-image-minus15\",\"text_align\":\"center\"}}]},{\"type\":\"column\",\"props\":{\"image_position\":\"center-center\",\"media_overlay_gradient\":\"\",\"width_medium\":\"1-3\"},\"children\":[]}]},{\"type\":\"row\",\"children\":[{\"type\":\"column\",\"props\":{\"image_position\":\"center-center\",\"media_overlay_gradient\":\"\"},\"children\":[{\"type\":\"text\",\"props\":{\"margin\":\"default\",\"column_breakpoint\":\"m\",\"content\":\"[contact-form-7 id=\\\"1152\\\" title=\\\"Contact form CZ\\\"]\",\"css\":\".el-element{\\ncolor:#333;\\n}\\n.uk-width-1-2 {\\n   width:48%;\\n    display:inline-block;\\n    margin-right:10px;\\n  }\\n\\n\\n@media only screen and (max-width: 960px) {\\n  .uk-width-1-2 {\\n   width:100% !important;\\n  }\\n    .uk-text-right{\\n    text-align:center !important;\\n    }\\n}\\n    \\n    .uk-input, textarea {\\n    border:1px solid #F37E5C ;\\n       \\n        background-color:#F8F8F8;\\n        color:#333;\\n        border-radius:10px;\\n    }\\n\\ntextarea {\\nheight:130px;\\n}\\n.cf7-label{\\ncolor:#F37E5C;\\nfont-size:18px;}\\n\\np{\\nmargin-top:3px;\\n}\\n.uk-margin{\\nmargin:0px !important;\\n}\"}}]}]}],\"modified\":\"2021-02-26T06:15:39.509Z\",\"name\":\"Contact Section\"}],\"version\":\"2.4.12\"} --><\/p>\n","protected":false},"excerpt":{"rendered":"<p>Mezigenera\u010dn\u00ed mentoring a vzd\u011bl\u00e1v\u00e1n\u00ed na pracovi\u0161ti O projektu V roce 2017 p\u0159edstavila Evropsk\u00e1 komise strategii inkluze a rozmanitosti, kter\u00e1 m\u00e1&#8230;<\/p>\n","protected":false},"author":1,"featured_media":1119,"parent":0,"menu_order":0,"comment_status":"closed","ping_status":"closed","template":"","meta":{"_acf_changed":false,"footnotes":""},"class_list":["post-1117","page","type-page","status-publish","has-post-thumbnail","hentry"],"acf":[],"_links":{"self":[{"href":"https:\/\/learngen.eu\/cs\/wp-json\/wp\/v2\/pages\/1117","targetHints":{"allow":["GET"]}}],"collection":[{"href":"https:\/\/learngen.eu\/cs\/wp-json\/wp\/v2\/pages"}],"about":[{"href":"https:\/\/learngen.eu\/cs\/wp-json\/wp\/v2\/types\/page"}],"author":[{"embeddable":true,"href":"https:\/\/learngen.eu\/cs\/wp-json\/wp\/v2\/users\/1"}],"replies":[{"embeddable":true,"href":"https:\/\/learngen.eu\/cs\/wp-json\/wp\/v2\/comments?post=1117"}],"version-history":[{"count":18,"href":"https:\/\/learngen.eu\/cs\/wp-json\/wp\/v2\/pages\/1117\/revisions"}],"predecessor-version":[{"id":1218,"href":"https:\/\/learngen.eu\/cs\/wp-json\/wp\/v2\/pages\/1117\/revisions\/1218"}],"wp:featuredmedia":[{"embeddable":true,"href":"https:\/\/learngen.eu\/cs\/wp-json\/wp\/v2\/media\/1119"}],"wp:attachment":[{"href":"https:\/\/learngen.eu\/cs\/wp-json\/wp\/v2\/media?parent=1117"}],"curies":[{"name":"wp","href":"https:\/\/api.w.org\/{rel}","templated":true}]}}